{"id":485,"date":"2016-09-07T09:24:20","date_gmt":"2016-09-07T07:24:20","guid":{"rendered":"http:\/\/www.barelkiosko.com\/fr\/cocteleria\/"},"modified":"2017-01-09T16:45:31","modified_gmt":"2017-01-09T15:45:31","slug":"cocteleria","status":"publish","type":"page","link":"https:\/\/www.barelkiosko.com\/fr\/cocteleria\/","title":{"rendered":"Cocktailerie"},"content":{"rendered":"<p>[et_pb_section admin_label=\u00a0\u00bbsection\u00a0\u00bb fullwidth=\u00a0\u00bbon\u00a0\u00bb][et_pb_fullwidth_slider admin_label=\u00a0\u00bbFullwidth Slider\u00a0\u00bb show_arrows=\u00a0\u00bbon\u00a0\u00bb show_pagination=\u00a0\u00bbon\u00a0\u00bb auto=\u00a0\u00bboff\u00a0\u00bb parallax=\u00a0\u00bbon\u00a0\u00bb auto_ignore_hover=\u00a0\u00bboff\u00a0\u00bb parallax_method=\u00a0\u00bboff\u00a0\u00bb remove_inner_shadow=\u00a0\u00bboff\u00a0\u00bb background_position=\u00a0\u00bbdefault\u00a0\u00bb background_size=\u00a0\u00bbdefault\u00a0\u00bb hide_content_on_mobile=\u00a0\u00bboff\u00a0\u00bb hide_cta_on_mobile=\u00a0\u00bboff\u00a0\u00bb show_image_video_mobile=\u00a0\u00bboff\u00a0\u00bb custom_button=\u00a0\u00bboff\u00a0\u00bb button_letter_spacing=\u00a0\u00bb0&Prime; button_use_icon=\u00a0\u00bbdefault\u00a0\u00bb button_icon_placement=\u00a0\u00bbright\u00a0\u00bb button_on_hover=\u00a0\u00bbon\u00a0\u00bb button_letter_spacing_hover=\u00a0\u00bb0&Prime;]<\/p>\n<p>[et_pb_slide heading=\u00a0\u00bbCocktailerie\u00a0\u00bb background_color=\u00a0\u00bb#ffffff\u00a0\u00bb alignment=\u00a0\u00bbcenter\u00a0\u00bb background_layout=\u00a0\u00bbdark\u00a0\u00bb video_bg_width=\u00a0\u00bb1920&Prime; video_bg_height=\u00a0\u00bb638&Prime; background_image=\u00a0\u00bbhttp:\/\/www.barelkiosko.com\/wp-content\/uploads\/2016\/10\/slider_cocteleria.jpg\u00a0\u00bb background_position=\u00a0\u00bbdefault\u00a0\u00bb background_size=\u00a0\u00bbdefault\u00a0\u00bb use_bg_overlay=\u00a0\u00bboff\u00a0\u00bb use_text_overlay=\u00a0\u00bboff\u00a0\u00bb allow_player_pause=\u00a0\u00bboff\u00a0\u00bb text_border_radius=\u00a0\u00bb3&Prime; header_font_select=\u00a0\u00bbdefault\u00a0\u00bb header_font=\u00a0\u00bb||||\u00a0\u00bb body_font_select=\u00a0\u00bbdefault\u00a0\u00bb body_font=\u00a0\u00bb||||\u00a0\u00bb custom_button=\u00a0\u00bboff\u00a0\u00bb button_font_select=\u00a0\u00bbdefault\u00a0\u00bb button_font=\u00a0\u00bb||||\u00a0\u00bb button_use_icon=\u00a0\u00bbdefault\u00a0\u00bb button_icon_placement=\u00a0\u00bbright\u00a0\u00bb button_on_hover=\u00a0\u00bbon\u00a0\u00bb]<\/p>\n<hr class=\"hr_copa\">\n<p>Pr\u00e9parez-vous \u00e0 notre cocktailerie!<\/p>\n<p>[\/et_pb_slide]<\/p>\n<p>[\/et_pb_fullwidth_slider][\/et_pb_section][et_pb_section admin_label=\u00a0\u00bbsection\u00a0\u00bb fullwidth=\u00a0\u00bboff\u00a0\u00bb transparent_background=\u00a0\u00bbon\u00a0\u00bb background_color=\u00a0\u00bb#ffffff\u00a0\u00bb allow_player_pause=\u00a0\u00bboff\u00a0\u00bb inner_shadow=\u00a0\u00bboff\u00a0\u00bb parallax=\u00a0\u00bboff\u00a0\u00bb parallax_method=\u00a0\u00bboff\u00a0\u00bb padding_mobile=\u00a0\u00bboff\u00a0\u00bb make_fullwidth=\u00a0\u00bboff\u00a0\u00bb use_custom_width=\u00a0\u00bboff\u00a0\u00bb width_unit=\u00a0\u00bbon\u00a0\u00bb make_equal=\u00a0\u00bboff\u00a0\u00bb use_custom_gutter=\u00a0\u00bboff\u00a0\u00bb module_class=\u00a0\u00bbequis\u00a0\u00bb][et_pb_row admin_label=\u00a0\u00bbFila\u00a0\u00bb make_fullwidth=\u00a0\u00bboff\u00a0\u00bb use_custom_width=\u00a0\u00bboff\u00a0\u00bb width_unit=\u00a0\u00bbon\u00a0\u00bb use_custom_gutter=\u00a0\u00bboff\u00a0\u00bb padding_mobile=\u00a0\u00bboff\u00a0\u00bb allow_player_pause=\u00a0\u00bboff\u00a0\u00bb parallax=\u00a0\u00bboff\u00a0\u00bb parallax_method=\u00a0\u00bboff\u00a0\u00bb make_equal=\u00a0\u00bboff\u00a0\u00bb parallax_1=\u00a0\u00bboff\u00a0\u00bb parallax_method_1=\u00a0\u00bboff\u00a0\u00bb column_padding_mobile=\u00a0\u00bbon\u00a0\u00bb module_class=\u00a0\u00bbcopa\u00a0\u00bb][et_pb_column type=\u00a0\u00bb4_4&Prime;][et_pb_text admin_label=\u00a0\u00bbPara Comer\u00a0\u00bb background_layout=\u00a0\u00bblight\u00a0\u00bb text_orientation=\u00a0\u00bbcenter\u00a0\u00bb use_border_color=\u00a0\u00bboff\u00a0\u00bb border_color=\u00a0\u00bb#ffffff\u00a0\u00bb border_style=\u00a0\u00bbsolid\u00a0\u00bb]<\/p>\n<h2>Notre cocktailerie vous appr\u00e9cieriez!<\/h2>\n<hr class=\"hr_copa\">\n<p>Si vous venez le week-end faire la f\u00eate la nuit au bar ou si vous voulez prendre un bon verre sur notre terrasse un jour apr\u00e8s le d\u00e9jeuner ou le d\u00eener. Commandez le cocktail de votre choix, nous sommes experts en Gin Tonic et ne manquez pas de go\u00fbter nos mojitos ! Voici la carte:<\/p>\n<h3>Mojito cl\u00e1sico<\/h3>\n<p>Ron, lima, az\u00facar, hierbabuena y soda<\/p>\n<h3>Mojito classique<\/h3>\n<p>Rhum, citron vert, sucre, menthe et soda<\/p>\n<h3>Mojito past\u00e8que<\/h3>\n<p>Rhum, citron vert, sucre, menthe, past\u00e8que et soda<\/p>\n<h3>Mojito fraise<\/h3>\n<p>Rhum, citron vert, sucre, menthe, fraise et soda<\/p>\n<h3>Mojito mangue<\/h3>\n<p>Rhum, citron vert, sucre, menthe, mangue et soda<\/p>\n<h3>Mojito mandarine<\/h3>\n<p>Rhum, citron vert, sucre, menthe, mandarine et soda<\/p>\n<h3>Vermujito<\/h3>\n<p>Vermouth, citron vert, sucre, menthe et soda<\/p>\n<h3>Pi\u00f1a colada<\/h3>\n<p>Rhum, lait de coco, jus d\u2019ananas, sucre, menthe et soda<\/p>\n<h3>Mojito sans alcool<\/h3>\n<p>Citron vert, sucre, menthe, mandarine et soda<\/p>\n<h3>Mojito au chocolat<\/h3>\n<p>Pour les amateurs de nouveaut\u00e9s<\/p>\n<h3>Mojito au pacharan<\/h3>\n<p>Une nouvelle mani\u00e8re diff\u00e9rente de fusionner le meilleur de Cuba et le distillat le plus navarrais<\/p>\n<h3>Mojito au caf\u00e9<\/h3>\n<p>Notre sp\u00e9cialit\u00e9 la plus transgressive<\/p>\n<h3>Jaggermeister<\/h3>\n<p>Notre mojito le plus innovant. Il ne vous laissera pas indiff\u00e9rent<\/p>\n<p>[\/et_pb_text][\/et_pb_column][\/et_pb_row][\/et_pb_section]<\/p>\n","protected":false},"excerpt":{"rendered":"<p>Pr\u00e9parez-vous \u00e0 notre cocktailerie! Notre cocktailerie vous appr\u00e9cieriez! Si vous venez le week-end faire la f\u00eate la nuit au bar ou si vous voulez prendre un bon verre sur notre terrasse un jour apr\u00e8s le d\u00e9jeuner ou le d\u00eener. Commandez le cocktail de votre choix, nous sommes experts en Gin Tonic et ne manquez pas [&hellip;]<\/p>\n","protected":false},"author":1,"featured_media":0,"parent":0,"menu_order":0,"comment_status":"closed","ping_status":"closed","template":"","meta":{"_et_pb_use_builder":"on","_et_pb_old_content":"","_et_gb_content_width":"","footnotes":""},"class_list":["post-485","page","type-page","status-publish","hentry"],"aioseo_notices":[],"_links":{"self":[{"href":"https:\/\/www.barelkiosko.com\/fr\/wp-json\/wp\/v2\/pages\/485","targetHints":{"allow":["GET"]}}],"collection":[{"href":"https:\/\/www.barelkiosko.com\/fr\/wp-json\/wp\/v2\/pages"}],"about":[{"href":"https:\/\/www.barelkiosko.com\/fr\/wp-json\/wp\/v2\/types\/page"}],"author":[{"embeddable":true,"href":"https:\/\/www.barelkiosko.com\/fr\/wp-json\/wp\/v2\/users\/1"}],"replies":[{"embeddable":true,"href":"https:\/\/www.barelkiosko.com\/fr\/wp-json\/wp\/v2\/comments?post=485"}],"version-history":[{"count":2,"href":"https:\/\/www.barelkiosko.com\/fr\/wp-json\/wp\/v2\/pages\/485\/revisions"}],"predecessor-version":[{"id":499,"href":"https:\/\/www.barelkiosko.com\/fr\/wp-json\/wp\/v2\/pages\/485\/revisions\/499"}],"wp:attachment":[{"href":"https:\/\/www.barelkiosko.com\/fr\/wp-json\/wp\/v2\/media?parent=485"}],"curies":[{"name":"wp","href":"https:\/\/api.w.org\/{rel}","templated":true}]}}