{"id":483,"date":"2016-10-21T09:04:26","date_gmt":"2016-10-21T07:04:26","guid":{"rendered":"http:\/\/www.barelkiosko.com\/fr\/anecdoticas\/"},"modified":"2017-01-09T16:27:43","modified_gmt":"2017-01-09T15:27:43","slug":"anecdoticas","status":"publish","type":"page","link":"https:\/\/www.barelkiosko.com\/fr\/anecdoticas\/","title":{"rendered":"Anecdoticques"},"content":{"rendered":"<p>[et_pb_section admin_label=\u00a0\u00bbsection\u00a0\u00bb fullwidth=\u00a0\u00bbon\u00a0\u00bb][et_pb_fullwidth_slider admin_label=\u00a0\u00bbFullwidth Slider\u00a0\u00bb show_arrows=\u00a0\u00bbon\u00a0\u00bb show_pagination=\u00a0\u00bbon\u00a0\u00bb auto=\u00a0\u00bboff\u00a0\u00bb parallax=\u00a0\u00bbon\u00a0\u00bb auto_ignore_hover=\u00a0\u00bboff\u00a0\u00bb parallax_method=\u00a0\u00bboff\u00a0\u00bb remove_inner_shadow=\u00a0\u00bboff\u00a0\u00bb background_position=\u00a0\u00bbdefault\u00a0\u00bb background_size=\u00a0\u00bbdefault\u00a0\u00bb hide_content_on_mobile=\u00a0\u00bboff\u00a0\u00bb hide_cta_on_mobile=\u00a0\u00bboff\u00a0\u00bb show_image_video_mobile=\u00a0\u00bboff\u00a0\u00bb custom_button=\u00a0\u00bboff\u00a0\u00bb button_letter_spacing=\u00a0\u00bb0&Prime; button_use_icon=\u00a0\u00bbdefault\u00a0\u00bb button_icon_placement=\u00a0\u00bbright\u00a0\u00bb button_on_hover=\u00a0\u00bbon\u00a0\u00bb button_letter_spacing_hover=\u00a0\u00bb0&Prime;]<\/p>\n<p>[et_pb_slide heading=\u00a0\u00bb||Anecdotiques||\u00a0\u00bb background_color=\u00a0\u00bb#ffffff\u00a0\u00bb alignment=\u00a0\u00bbcenter\u00a0\u00bb background_layout=\u00a0\u00bbdark\u00a0\u00bb video_bg_width=\u00a0\u00bb1920&Prime; video_bg_height=\u00a0\u00bb638&Prime; background_image=\u00a0\u00bbhttp:\/\/www.barelkiosko.com\/wp-content\/uploads\/2016\/10\/slider_anecdoticas.jpg\u00a0\u00bb background_position=\u00a0\u00bbdefault\u00a0\u00bb background_size=\u00a0\u00bbdefault\u00a0\u00bb use_bg_overlay=\u00a0\u00bboff\u00a0\u00bb use_text_overlay=\u00a0\u00bboff\u00a0\u00bb allow_player_pause=\u00a0\u00bboff\u00a0\u00bb text_border_radius=\u00a0\u00bb3&Prime; header_font_select=\u00a0\u00bbdefault\u00a0\u00bb header_font=\u00a0\u00bb||||\u00a0\u00bb body_font_select=\u00a0\u00bbdefault\u00a0\u00bb body_font=\u00a0\u00bb||||\u00a0\u00bb custom_button=\u00a0\u00bboff\u00a0\u00bb button_font_select=\u00a0\u00bbdefault\u00a0\u00bb button_font=\u00a0\u00bb||||\u00a0\u00bb button_use_icon=\u00a0\u00bbdefault\u00a0\u00bb button_icon_placement=\u00a0\u00bbright\u00a0\u00bb button_on_hover=\u00a0\u00bbon\u00a0\u00bb]<\/p>\n<hr>\n<p>[\/et_pb_slide]<\/p>\n<p>[\/et_pb_fullwidth_slider][\/et_pb_section][et_pb_section admin_label=\u00a0\u00bbsection\u00a0\u00bb fullwidth=\u00a0\u00bboff\u00a0\u00bb transparent_background=\u00a0\u00bbon\u00a0\u00bb background_color=\u00a0\u00bb#ffffff\u00a0\u00bb allow_player_pause=\u00a0\u00bboff\u00a0\u00bb inner_shadow=\u00a0\u00bboff\u00a0\u00bb parallax=\u00a0\u00bboff\u00a0\u00bb parallax_method=\u00a0\u00bboff\u00a0\u00bb padding_mobile=\u00a0\u00bboff\u00a0\u00bb make_fullwidth=\u00a0\u00bboff\u00a0\u00bb use_custom_width=\u00a0\u00bboff\u00a0\u00bb width_unit=\u00a0\u00bbon\u00a0\u00bb make_equal=\u00a0\u00bboff\u00a0\u00bb use_custom_gutter=\u00a0\u00bboff\u00a0\u00bb module_class=\u00a0\u00bbequis\u00a0\u00bb][et_pb_row admin_label=\u00a0\u00bbFila\u00a0\u00bb][et_pb_column type=\u00a0\u00bb4_4&Prime;][et_pb_text admin_label=\u00a0\u00bbTexto\u00a0\u00bb background_layout=\u00a0\u00bblight\u00a0\u00bb text_orientation=\u00a0\u00bbcenter\u00a0\u00bb use_border_color=\u00a0\u00bboff\u00a0\u00bb border_color=\u00a0\u00bb#ffffff\u00a0\u00bb border_style=\u00a0\u00bbsolid\u00a0\u00bb]<\/p>\n<h2>Oui, vous avez bien lu, sans accent.<\/h2>\n<hr>\n<p>Car ici tout se termine en \u00ab ico \u00bb ou \u00ab ica \u00bb. Si vous ne le savez pas, alors vous n\u2019avez pas encore visit\u00e9 la r\u00e9gion qui vous \u00ab impr\u00e8gne \u00bb de cette terminaison si caract\u00e9ristique d\u2019ici pour tout.<\/p>\n<p>Voil\u00e0 (prenez note de \u00ab voil\u00e0 \u00bb car vous l\u2019entendrez souvent aussi), apr\u00e8s plusieurs ann\u00e9es d\u00e9di\u00e9es \u00e0 l\u2019h\u00f4tellerie, dans une ville avec des f\u00eates aussi c\u00e9l\u00e8bres que les Sanfermines, et avec un \u00e9tablissement aussi bien implant\u00e9 dans la vieille ville, nous avons mille petites batailles \u00e0 raconter. Et nous vous en laissons ici quelques-unes, racont\u00e9es par les fondateurs, si vous voulez vous distraire un moment:<\/p>\n<p>[\/et_pb_text][\/et_pb_column][\/et_pb_row][et_pb_row admin_label=\u00a0\u00bbFila\u00a0\u00bb][et_pb_column type=\u00a0\u00bb1_2&Prime;][et_pb_text admin_label=\u00a0\u00bbTexto\u00a0\u00bb background_layout=\u00a0\u00bblight\u00a0\u00bb text_orientation=\u00a0\u00bbcenter\u00a0\u00bb use_border_color=\u00a0\u00bboff\u00a0\u00bb border_color=\u00a0\u00bb#ffffff\u00a0\u00bb border_style=\u00a0\u00bbsolid\u00a0\u00bb]<\/p>\n<p><em>\u00abLa premi\u00e8re chose que nous avons faite dans l\u2019\u00e9tablissement, avant de le r\u00e9nover, a \u00e9t\u00e9 d\u2019encourager notre fils \u00e0 vendre des glaces. Et maintenant c\u2019est lui qui est \u00e0 la t\u00eate de l\u2019affaire\u00bb<\/p>\n<p>\u00abQuelques mois apr\u00e8s l\u2019ouverture, nous avons re\u00e7u une offre pour vendre le bar au double du prix que nous avions pay\u00e9. Endett\u00e9s jusqu\u2019au cou comme nous l\u2019\u00e9tions alors du fait de l\u2019achat et la r\u00e9novation, l\u2019offre \u00e9tait tentante. Mais nous l\u2019avons refus\u00e9e. Nous \u00e9tions venus travailler\u00bb<\/p>\n<p>\u00abQuand les premi\u00e8res f\u00eates de la Saint Firmin sont arriv\u00e9es, nous tremblions. Le bar avait fait peau neuve et la d\u00e9coration, de verre et de miroirs, \u00e9patait tout le monde, alors que nous autres, nous craignions ce qui pouvait arriver pendant les f\u00eates\u00bb<\/em><\/p>\n<p>[\/et_pb_text][\/et_pb_column][et_pb_column type=\u00a0\u00bb1_2&Prime;][et_pb_text admin_label=\u00a0\u00bbTexto\u00a0\u00bb background_layout=\u00a0\u00bblight\u00a0\u00bb text_orientation=\u00a0\u00bbcenter\u00a0\u00bb use_border_color=\u00a0\u00bboff\u00a0\u00bb border_color=\u00a0\u00bb#ffffff\u00a0\u00bb border_style=\u00a0\u00bbsolid\u00a0\u00bb]<\/p>\n<p><em>\u00ab Une ann\u00e9e, l\u2019Osasuna a su garder son rang et ne pas descendre en deuxi\u00e8me division B. L\u2019ambiance \u00e9tait tellement \u00e0 la f\u00eate que les boissons ont commenc\u00e9 \u00e0 manquer et nous avons d\u00fb innover les cocktails en improvisant. Par chance, cela ne nous est plus arriv\u00e9 (de nous retrouver \u00e0 court de boisson ou que l\u2019Osasuna f\u00eate l\u2019\u00e9v\u00e9nement de ne pas descendre en deuxi\u00e8me division B)\u00bb<\/p>\n<p>\u00abLe Bar, la place, les gens qui la fr\u00e9quentaient, nos clients\u2026 tout a beaucoup chang\u00e9. Avant, les camions et les bus passaient devant l\u2019entr\u00e9e et les voitures se garaient jusqu\u2019en triple file!\u00bb<\/p>\n<p>\u00abLes ann\u00e9es des travaux de la place ont \u00e9t\u00e9 p\u00e9nibles dans la mesure o\u00f9 la rue \u00e9tait impraticable. Mais aujourd\u2019hui elle est beaucoup plus calme pour le pi\u00e9ton et les terrasses sont surnomm\u00e9es \u201cle salon des Navarrais et des touristes\u201d\u00bb<\/em><\/p>\n<p>[\/et_pb_text][\/et_pb_column][\/et_pb_row][\/et_pb_section]<\/p>\n","protected":false},"excerpt":{"rendered":"<p>Oui, vous avez bien lu, sans accent. Car ici tout se termine en \u00ab ico \u00bb ou \u00ab ica \u00bb. Si vous ne le savez pas, alors vous n\u2019avez pas encore visit\u00e9 la r\u00e9gion qui vous \u00ab impr\u00e8gne \u00bb de cette terminaison si caract\u00e9ristique d\u2019ici pour tout. Voil\u00e0 (prenez note de \u00ab voil\u00e0 \u00bb car [&hellip;]<\/p>\n","protected":false},"author":1,"featured_media":0,"parent":0,"menu_order":0,"comment_status":"closed","ping_status":"closed","template":"","meta":{"_et_pb_use_builder":"on","_et_pb_old_content":"","_et_gb_content_width":"","footnotes":""},"class_list":["post-483","page","type-page","status-publish","hentry"],"aioseo_notices":[],"_links":{"self":[{"href":"https:\/\/www.barelkiosko.com\/fr\/wp-json\/wp\/v2\/pages\/483","targetHints":{"allow":["GET"]}}],"collection":[{"href":"https:\/\/www.barelkiosko.com\/fr\/wp-json\/wp\/v2\/pages"}],"about":[{"href":"https:\/\/www.barelkiosko.com\/fr\/wp-json\/wp\/v2\/types\/page"}],"author":[{"embeddable":true,"href":"https:\/\/www.barelkiosko.com\/fr\/wp-json\/wp\/v2\/users\/1"}],"replies":[{"embeddable":true,"href":"https:\/\/www.barelkiosko.com\/fr\/wp-json\/wp\/v2\/comments?post=483"}],"version-history":[{"count":2,"href":"https:\/\/www.barelkiosko.com\/fr\/wp-json\/wp\/v2\/pages\/483\/revisions"}],"predecessor-version":[{"id":497,"href":"https:\/\/www.barelkiosko.com\/fr\/wp-json\/wp\/v2\/pages\/483\/revisions\/497"}],"wp:attachment":[{"href":"https:\/\/www.barelkiosko.com\/fr\/wp-json\/wp\/v2\/media?parent=483"}],"curies":[{"name":"wp","href":"https:\/\/api.w.org\/{rel}","templated":true}]}}