{"id":481,"date":"2016-09-07T09:24:46","date_gmt":"2016-09-07T07:24:46","guid":{"rendered":"http:\/\/www.barelkiosko.com\/fr\/turismo\/"},"modified":"2017-01-09T16:28:02","modified_gmt":"2017-01-09T15:28:02","slug":"turismo","status":"publish","type":"page","link":"https:\/\/www.barelkiosko.com\/fr\/turismo\/","title":{"rendered":"Tourisme"},"content":{"rendered":"<p>[et_pb_section admin_label=\u00a0\u00bbsection\u00a0\u00bb fullwidth=\u00a0\u00bbon\u00a0\u00bb][et_pb_fullwidth_slider admin_label=\u00a0\u00bbFullwidth Slider\u00a0\u00bb show_arrows=\u00a0\u00bbon\u00a0\u00bb show_pagination=\u00a0\u00bbon\u00a0\u00bb auto=\u00a0\u00bboff\u00a0\u00bb parallax=\u00a0\u00bbon\u00a0\u00bb auto_ignore_hover=\u00a0\u00bboff\u00a0\u00bb parallax_method=\u00a0\u00bboff\u00a0\u00bb remove_inner_shadow=\u00a0\u00bboff\u00a0\u00bb background_position=\u00a0\u00bbdefault\u00a0\u00bb background_size=\u00a0\u00bbdefault\u00a0\u00bb hide_content_on_mobile=\u00a0\u00bboff\u00a0\u00bb hide_cta_on_mobile=\u00a0\u00bboff\u00a0\u00bb show_image_video_mobile=\u00a0\u00bboff\u00a0\u00bb custom_button=\u00a0\u00bboff\u00a0\u00bb button_letter_spacing=\u00a0\u00bb0&Prime; button_use_icon=\u00a0\u00bbdefault\u00a0\u00bb button_icon_placement=\u00a0\u00bbright\u00a0\u00bb button_on_hover=\u00a0\u00bbon\u00a0\u00bb button_letter_spacing_hover=\u00a0\u00bb0&Prime;]<\/p>\n<p>[et_pb_slide heading=\u00a0\u00bbTourisme\u00a0\u00bb background_color=\u00a0\u00bb#ffffff\u00a0\u00bb alignment=\u00a0\u00bbcenter\u00a0\u00bb background_layout=\u00a0\u00bbdark\u00a0\u00bb video_bg_width=\u00a0\u00bb1920&Prime; video_bg_height=\u00a0\u00bb638&Prime; background_image=\u00a0\u00bbhttp:\/\/www.barelkiosko.com\/wp-content\/uploads\/2016\/10\/slider_turismo.jpg\u00a0\u00bb background_position=\u00a0\u00bbdefault\u00a0\u00bb background_size=\u00a0\u00bbdefault\u00a0\u00bb use_bg_overlay=\u00a0\u00bboff\u00a0\u00bb use_text_overlay=\u00a0\u00bboff\u00a0\u00bb allow_player_pause=\u00a0\u00bboff\u00a0\u00bb text_border_radius=\u00a0\u00bb3&Prime; header_font_select=\u00a0\u00bbdefault\u00a0\u00bb header_font=\u00a0\u00bb||||\u00a0\u00bb body_font_select=\u00a0\u00bbdefault\u00a0\u00bb body_font=\u00a0\u00bb||||\u00a0\u00bb custom_button=\u00a0\u00bboff\u00a0\u00bb button_font_select=\u00a0\u00bbdefault\u00a0\u00bb button_font=\u00a0\u00bb||||\u00a0\u00bb button_use_icon=\u00a0\u00bbdefault\u00a0\u00bb button_icon_placement=\u00a0\u00bbright\u00a0\u00bb button_on_hover=\u00a0\u00bbon\u00a0\u00bb]<\/p>\n<hr>\n<p>Une visite incontournable!<\/p>\n<p>[\/et_pb_slide]<\/p>\n<p>[\/et_pb_fullwidth_slider][\/et_pb_section][et_pb_section admin_label=\u00a0\u00bbsection\u00a0\u00bb fullwidth=\u00a0\u00bboff\u00a0\u00bb transparent_background=\u00a0\u00bbon\u00a0\u00bb background_color=\u00a0\u00bb#ffffff\u00a0\u00bb allow_player_pause=\u00a0\u00bboff\u00a0\u00bb inner_shadow=\u00a0\u00bboff\u00a0\u00bb parallax=\u00a0\u00bboff\u00a0\u00bb parallax_method=\u00a0\u00bboff\u00a0\u00bb padding_mobile=\u00a0\u00bboff\u00a0\u00bb make_fullwidth=\u00a0\u00bboff\u00a0\u00bb use_custom_width=\u00a0\u00bboff\u00a0\u00bb width_unit=\u00a0\u00bbon\u00a0\u00bb make_equal=\u00a0\u00bboff\u00a0\u00bb use_custom_gutter=\u00a0\u00bboff\u00a0\u00bb module_class=\u00a0\u00bbequis\u00a0\u00bb][et_pb_row admin_label=\u00a0\u00bbFila\u00a0\u00bb][et_pb_column type=\u00a0\u00bb4_4&Prime;][et_pb_text admin_label=\u00a0\u00bbTexto\u00a0\u00bb background_layout=\u00a0\u00bblight\u00a0\u00bb text_orientation=\u00a0\u00bbcenter\u00a0\u00bb use_border_color=\u00a0\u00bboff\u00a0\u00bb border_color=\u00a0\u00bb#ffffff\u00a0\u00bb border_style=\u00a0\u00bbsolid\u00a0\u00bb]<\/p>\n<h2>Ne pas oublier de commencer votre itin\u00e9raire \u00e0 El Kiosko!<\/h2>\n<hr>\n<p><strong>En plein c\u0153ur du vieux Pampelune, El Kiosko est situ\u00e9 \u00e0 deux pas de la <strong>Plaza del Ayuntamiento<\/strong> (Place de la Mairie d\u2019o\u00f9 est lanc\u00e9 le <strong>Chupinazo<\/strong>, une fus\u00e9e qui marque le coup d\u2019envoi de nos f\u00eates), la <strong>Cath\u00e9drale <\/strong>et sa promenade (avec un joli clo\u00eetre et des vues imprenables), le parcours du l\u00e2cher de taureaux dit <strong>l\u2019Encierro<\/strong> dans <strong>la rue Estafeta<\/strong> (sur laquelle donne notre fa\u00e7ade arri\u00e8re), ou les Ar\u00e8nes.<br \/>\nOutre les \u00abSanfermines\u00bb ou f\u00eates de la Saint-Firmin, avec ce qu\u2019elles entra\u00eenent de tradition, f\u00eate, divertissement et traditions locales, Pampelune poss\u00e8de bien d\u2019autres charmes. Ne manquez pas nos parcs, les remparts de la ville, le plaisir de fl\u00e2ner dans \u00ab le vieux Pampelune \u00bb, de fouler le sol o\u00f9 courent les jeunes gens lors des l\u00e2chers de taureaux appel\u00e9s \u00ab Encierros \u00bb, ou encore de visiter de tr\u00e8s belles \u00e9glises comme la Cath\u00e9drale ou <strong>l\u2019\u00c9glise de San Cernin<\/strong>. Le Chemin de Saint-Jacques-de-Compostelle est un autre pr\u00e9texte indispensable pour visiter Pampelune, car il traverse la ville, et c\u2019est l\u2019une des raisons pour lesquelles l\u2019on entend chaque jour parler des dizaines de langues diff\u00e9rentes dans nos rues. <\/p>\n<p>De Pampelune, vous pouvez vous d\u00e9placer facilement n\u2019importe o\u00f9 en Navarre pour y passer la journ\u00e9e et vous laisser surprendre par les paysages magnifiques de la r\u00e9gion, les contrastes entre le nord et le sud, l\u2019art, l\u2019amabilit\u00e9 de ses habitants et, bien s\u00fbr, la gastronomie vari\u00e9e et d\u00e9licieuse. Mais, pour cela, n\u2019oubliez pas de commencer votre itin\u00e9raire par El Kiosko!<\/p>\n<p>[\/et_pb_text][\/et_pb_column][\/et_pb_row][\/et_pb_section]<\/p>\n","protected":false},"excerpt":{"rendered":"<p>Une visite incontournable! Ne pas oublier de commencer votre itin\u00e9raire \u00e0 El Kiosko! En plein c\u0153ur du vieux Pampelune, El Kiosko est situ\u00e9 \u00e0 deux pas de la Plaza del Ayuntamiento (Place de la Mairie d\u2019o\u00f9 est lanc\u00e9 le Chupinazo, une fus\u00e9e qui marque le coup d\u2019envoi de nos f\u00eates), la Cath\u00e9drale et sa promenade [&hellip;]<\/p>\n","protected":false},"author":1,"featured_media":0,"parent":0,"menu_order":0,"comment_status":"closed","ping_status":"closed","template":"","meta":{"_et_pb_use_builder":"on","_et_pb_old_content":"","_et_gb_content_width":"","footnotes":""},"class_list":["post-481","page","type-page","status-publish","hentry"],"aioseo_notices":[],"_links":{"self":[{"href":"https:\/\/www.barelkiosko.com\/fr\/wp-json\/wp\/v2\/pages\/481","targetHints":{"allow":["GET"]}}],"collection":[{"href":"https:\/\/www.barelkiosko.com\/fr\/wp-json\/wp\/v2\/pages"}],"about":[{"href":"https:\/\/www.barelkiosko.com\/fr\/wp-json\/wp\/v2\/types\/page"}],"author":[{"embeddable":true,"href":"https:\/\/www.barelkiosko.com\/fr\/wp-json\/wp\/v2\/users\/1"}],"replies":[{"embeddable":true,"href":"https:\/\/www.barelkiosko.com\/fr\/wp-json\/wp\/v2\/comments?post=481"}],"version-history":[{"count":2,"href":"https:\/\/www.barelkiosko.com\/fr\/wp-json\/wp\/v2\/pages\/481\/revisions"}],"predecessor-version":[{"id":493,"href":"https:\/\/www.barelkiosko.com\/fr\/wp-json\/wp\/v2\/pages\/481\/revisions\/493"}],"wp:attachment":[{"href":"https:\/\/www.barelkiosko.com\/fr\/wp-json\/wp\/v2\/media?parent=481"}],"curies":[{"name":"wp","href":"https:\/\/api.w.org\/{rel}","templated":true}]}}